{"id":2408,"date":"2015-04-27T09:52:20","date_gmt":"2015-04-27T07:52:20","guid":{"rendered":"https:\/\/hoehenweg.sawah.mobi\/?page_id=2408"},"modified":"2019-09-17T13:49:09","modified_gmt":"2019-09-17T11:49:09","slug":"erdfall-im-hanstein","status":"publish","type":"page","link":"https:\/\/hoehenweg.sawah.mobi\/?page_id=2408","title":{"rendered":"Erdfall im Hanstein"},"content":{"rendered":"<p>Der Erdfall im Hanstein war urspr\u00fcnglich ein trichterf\u00f6rmiger Schacht von etwa zwei Metern Durchmesser. Er wurde jahrzehntelang als \u201eFillerkuhle\u201c benutzt, in die eingegangenes Vieh hineingeworfen wurde. Um 1945 erfolgte eine neuerliche Absackung. Seitdem zeigt sich am Boden des Erdfalls ein schr\u00e4g nach unten f\u00fchrender Hohlraum, an dem man deutlich die gro\u00dfr\u00e4umigen Auswaschungen im Kalkgestein erkennen kann.<\/p>\n<p>Dolinen \u2013 der Begriff leitet sich vom slowenischen Wort \u201edolina\u201c (= Tal) her \u2013 fallen oft erst bei genauerem Hinsehen auf. Baum- und Strauchgruppen, die inmitten offener Ackerfl\u00e4chen stehen, sind ein ziemlich wahrscheinlicher Hinweis auf eine Doline, aus der sie herauswachsen. Im Wald \u2013 wie hier \u2013 sind Erdf\u00e4lle eher unscheinbar.<\/p>\n<p>Die nat\u00fcrlichen, meist trichterf\u00f6rmigen Einst\u00fcrze entstehen, weil die auf die Oberfl\u00e4che treffenden Niederschl\u00e4ge in den kl\u00fcftigen Kalksteinschichten versickern. Das kohlens\u00e4urehaltige Wasser [H2CO3] l\u00f6st Calciumcarbonat [CaCO3] in wasserl\u00f6sliches Calciumhydrogencarbonat [Ca(HCO3)2] \u2013 anders ausgedr\u00fcckt, es l\u00f6st Kalk aus dem Gestein. Ein Kubikmeter Wasser kann rund 150 Gramm Kalk enthalten. Die Gesteinsfugen und Gesteinsrisse werden durch Auswaschungen vergr\u00f6\u00dfert. Dadurch entstehen Kl\u00fcfte und unterirdische Hohlr\u00e4ume. Werden diese zu gro\u00df, kann die Oberfl\u00e4che einbrechen und eine Doline entsteht.<\/p>\n<p>Wenn eingeschwemmte Lehmpartikel den Boden des Erdfalls abdichten und dadurch das Versickern des Wassers verhindern, k\u00f6nnen sich \u201eT\u00fcmpel\u201c bilden. Ein Beispiel daf\u00fcr ist der \u201eWeringer Pohl\u201c rund 250 Meter n\u00f6rdlich von Hindahls Kreuz. Nur etwa 150 Meter davon entfernt befindet sich die gr\u00f6\u00dfte Doline dieser Gegend, die \u201eGro\u00dfe Brichkuhle\u201c. Sie weist einen Durchmesser von rund 40 Metern und eine Tiefe von bis zu 25 Metern auf. Im Vergleich dazu geh\u00f6rt der Erdfall hier eher zu den kleineren Erdf\u00e4llen.<\/p>\n","protected":false},"excerpt":{"rendered":"<p>Der Erdfall im Hanstein war urspr\u00fcnglich ein trichterf\u00f6rmiger Schacht von etwa zwei Metern Durchmesser. Er wurde jahrzehntelang als \u201eFillerkuhle\u201c benutzt, in die eingegangenes Vieh hineingeworfen wurde. Um 1945 erfolgte eine neuerliche Absackung. Seitdem zeigt sich am Boden des Erdfalls ein schr\u00e4g nach unten f\u00fchrender Hohlraum, an dem man deutlich die gro\u00dfr\u00e4umigen Auswaschungen im Kalkgestein erkennen &hellip; <\/p>\n<p class=\"link-more\"><a href=\"https:\/\/hoehenweg.sawah.mobi\/?page_id=2408\" class=\"more-link\"><span class=\"screen-reader-text\">\u201eErdfall im Hanstein\u201c<\/span> weiterlesen<\/a><\/p>\n","protected":false},"author":1,"featured_media":2429,"parent":0,"menu_order":0,"comment_status":"open","ping_status":"open","template":"","meta":{"ngg_post_thumbnail":0},"_links":{"self":[{"href":"https:\/\/hoehenweg.sawah.mobi\/index.php?rest_route=\/wp\/v2\/pages\/2408"}],"collection":[{"href":"https:\/\/hoehenweg.sawah.mobi\/index.php?rest_route=\/wp\/v2\/pages"}],"about":[{"href":"https:\/\/hoehenweg.sawah.mobi\/index.php?rest_route=\/wp\/v2\/types\/page"}],"author":[{"embeddable":true,"href":"https:\/\/hoehenweg.sawah.mobi\/index.php?rest_route=\/wp\/v2\/users\/1"}],"replies":[{"embeddable":true,"href":"https:\/\/hoehenweg.sawah.mobi\/index.php?rest_route=%2Fwp%2Fv2%2Fcomments&post=2408"}],"version-history":[{"count":2,"href":"https:\/\/hoehenweg.sawah.mobi\/index.php?rest_route=\/wp\/v2\/pages\/2408\/revisions"}],"predecessor-version":[{"id":2447,"href":"https:\/\/hoehenweg.sawah.mobi\/index.php?rest_route=\/wp\/v2\/pages\/2408\/revisions\/2447"}],"wp:featuredmedia":[{"embeddable":true,"href":"https:\/\/hoehenweg.sawah.mobi\/index.php?rest_route=\/wp\/v2\/media\/2429"}],"wp:attachment":[{"href":"https:\/\/hoehenweg.sawah.mobi\/index.php?rest_route=%2Fwp%2Fv2%2Fmedia&parent=2408"}],"curies":[{"name":"wp","href":"https:\/\/api.w.org\/{rel}","templated":true}]}}