{"id":2389,"date":"2015-04-27T09:18:00","date_gmt":"2015-04-27T07:18:00","guid":{"rendered":"https:\/\/hoehenweg.sawah.mobi\/?page_id=2389"},"modified":"2019-09-17T13:49:09","modified_gmt":"2019-09-17T11:49:09","slug":"kleiner-viadukt","status":"publish","type":"page","link":"https:\/\/hoehenweg.sawah.mobi\/?page_id=2389","title":{"rendered":"Kleiner Viadukt"},"content":{"rendered":"<p>Der 230 Meter lange Kleine Viadukt, auch Dune-Viadukt genannt, wurde wie sein etwa drei Kilometer weiter \u00f6stlich gelegener \u201egro\u00dfer Bruder\u201c in Altenbeken in den Jahren 1851 bis 1853 als Teil der Eisenbahnstrecke Paderborn \u2013 Altenbeken \u2013 Warburg \u2013 Kassel erbaut. Er \u00fcberspannt in einer H\u00f6he von 33 Metern mit 11 B\u00f6gen das Tal der Dune. Der Altenbekener Viadukt besitzt allerdings 24 B\u00f6gen und ist gut doppelt so lang wie der Dune-Viadukt. Die Eisenbahnstrecke von Paderborn nach Warburg wurde im Juli 1853 durch den preu\u00dfischen K\u00f6nig Friedrich Wilhelm IV. er\u00f6ffnet, der auch beim Dune-Viadukt aus seinem Salonwagen ausstieg, um das Bauwerk auf einer eigens dazu errichteten Terrasse in Augenschein zu nehmen.<\/p>\n<p>Im Februar 1945, kurz vor Ende des Zweiten Weltkriegs, wurde der Dune-Viadukt \u2013 wie auch der Altenbekener \u2013 durch Bombentreffer schwer besch\u00e4digt, da die Eisenbahnlinie eine wichtige Nachschubroute an die Westfront f\u00fcr das Dritte Reich war. Die Betonummantelung um den achten St\u00fctzpfeiler des Kleinen Viadukts zeugt noch heute davon.<\/p>\n<p>Um breitere Ladungen \u00fcber den Viadukt transportieren zu k\u00f6nnen, wurden 1950 die m\u00e4chtigen Sandsteinbr\u00fcstungen entfernt und durch Eisengel\u00e4nder ersetzt. Als man 1970 wegen der zunehmend gr\u00f6\u00dfer werdenden Transportlasten die Viaduktplatte aus Beton fertigte, \u201eentsorgte\u201c man etliche schwere Sandsteinquader rechts und links in die H\u00e4nge des Viadukts. Einige davon wurden anl\u00e4sslich des 150-j\u00e4hrigen Bestehens des Viadukts im Jahr 2003 geborgen und sind nun beim zum Viadukt hin gelegenen Parkplatz gelagert. Dort sind au\u00dferdem zwei Rundb\u00f6gen zu sehen: Einer ist in alter Mauertechnik aus Sandstein gefertigt, der andere aus neuzeitlichem Kalksandstein errichtet.<\/p>\n","protected":false},"excerpt":{"rendered":"<p>Der 230 Meter lange Kleine Viadukt, auch Dune-Viadukt genannt, wurde wie sein etwa drei Kilometer weiter \u00f6stlich gelegener \u201egro\u00dfer Bruder\u201c in Altenbeken in den Jahren 1851 bis 1853 als Teil der Eisenbahnstrecke Paderborn \u2013 Altenbeken \u2013 Warburg \u2013 Kassel erbaut. Er \u00fcberspannt in einer H\u00f6he von 33 Metern mit 11 B\u00f6gen das Tal der Dune. &hellip; <\/p>\n<p class=\"link-more\"><a href=\"https:\/\/hoehenweg.sawah.mobi\/?page_id=2389\" class=\"more-link\"><span class=\"screen-reader-text\">\u201eKleiner Viadukt\u201c<\/span> weiterlesen<\/a><\/p>\n","protected":false},"author":1,"featured_media":2428,"parent":0,"menu_order":0,"comment_status":"open","ping_status":"open","template":"","meta":{"ngg_post_thumbnail":0},"_links":{"self":[{"href":"https:\/\/hoehenweg.sawah.mobi\/index.php?rest_route=\/wp\/v2\/pages\/2389"}],"collection":[{"href":"https:\/\/hoehenweg.sawah.mobi\/index.php?rest_route=\/wp\/v2\/pages"}],"about":[{"href":"https:\/\/hoehenweg.sawah.mobi\/index.php?rest_route=\/wp\/v2\/types\/page"}],"author":[{"embeddable":true,"href":"https:\/\/hoehenweg.sawah.mobi\/index.php?rest_route=\/wp\/v2\/users\/1"}],"replies":[{"embeddable":true,"href":"https:\/\/hoehenweg.sawah.mobi\/index.php?rest_route=%2Fwp%2Fv2%2Fcomments&post=2389"}],"version-history":[{"count":2,"href":"https:\/\/hoehenweg.sawah.mobi\/index.php?rest_route=\/wp\/v2\/pages\/2389\/revisions"}],"predecessor-version":[{"id":2413,"href":"https:\/\/hoehenweg.sawah.mobi\/index.php?rest_route=\/wp\/v2\/pages\/2389\/revisions\/2413"}],"wp:featuredmedia":[{"embeddable":true,"href":"https:\/\/hoehenweg.sawah.mobi\/index.php?rest_route=\/wp\/v2\/media\/2428"}],"wp:attachment":[{"href":"https:\/\/hoehenweg.sawah.mobi\/index.php?rest_route=%2Fwp%2Fv2%2Fmedia&parent=2389"}],"curies":[{"name":"wp","href":"https:\/\/api.w.org\/{rel}","templated":true}]}}