{"id":2375,"date":"2015-04-27T08:39:31","date_gmt":"2015-04-27T06:39:31","guid":{"rendered":"https:\/\/hoehenweg.sawah.mobi\/?page_id=2375"},"modified":"2019-09-17T07:55:03","modified_gmt":"2019-09-17T05:55:03","slug":"rast-und-einkehr","status":"publish","type":"page","link":"https:\/\/hoehenweg.sawah.mobi\/?page_id=2375","title":{"rendered":"Rast und Einkehr"},"content":{"rendered":"<p>Entlang des Paderborner H\u00f6henwegs gibt es keine Gastronomiebetriebe, jedoch vier Picknickgruppen, mehrere Parkb\u00e4nke und vier Schutz- und Picknickh\u00fctten.<\/p>\n<p>Die H\u00fctte der Eggegebirgsvereinsabteilung Neuenbeken wird bereits nach 4,5 km errreicht. Bei Wegkilometer 11 folgt die Schutzh\u00fctte im Dunetal, die einen sch\u00f6nen Blick auf den Kleinen Viadukt bietet.<\/p>\n<p>Nach weiteren 3,7 km und rund 150 m bietet sich die Karl-Hagemeier-H\u00fctte der Eggegebirgsvereinsabteilung Paderborn f\u00fcr eine Pause an. Von dort sind es nur etwa 1,7 km bis zur &#8222;H\u00fctte zu der Buche mit den zwei Beinen&#8220;, zu der man nach einer Wanderstrecke von insgesamt 15,4 km gelangt.<\/p>\n<p>Einkehrm\u00f6glichkeiten &#8211; insbesondere zur St\u00e4rkung nach der Wandertour bieten:<\/p>\n<ul>\n<li>G\u00e4stehaus Franz Pfanner im Missionshaus Neuenbeken (Tel. 05252 9650-0, samstags, sonntags 14.30 \u2013 17.00 Uhr sowie f\u00fcr Gruppen nach vorheriger Anmeldung)<\/li>\n<li>Gut Redingerhof (Tel. 05252 9779670, sonntags keine Gruppenreservierung m\u00f6glich)<\/li>\n<li>Gastst\u00e4tte &#8222;KuK&#8220; (Tel. 0151 55451616)<\/li>\n<li>Gastst\u00e4tte &#8222;Zur J\u00e4gerlust&#8220; (Tel. 05252 6287).<\/li>\n<\/ul>\n<p class=\"p1\">\u00dcbernachtungsm\u00f6glichkeiten bieten das G\u00e4stehaus Franz Pfanner im Missionshaus Neuenbeken (Tel. 05252 9650-0)\u00a0und die Ferienwohnung Sch\u00e4fer in Neuenbeken (Tel. 05252 9398581).<\/p>\n","protected":false},"excerpt":{"rendered":"<p>Entlang des Paderborner H\u00f6henwegs gibt es keine Gastronomiebetriebe, jedoch vier Picknickgruppen, mehrere Parkb\u00e4nke und vier Schutz- und Picknickh\u00fctten. Die H\u00fctte der Eggegebirgsvereinsabteilung Neuenbeken wird bereits nach 4,5 km errreicht. Bei Wegkilometer 11 folgt die Schutzh\u00fctte im Dunetal, die einen sch\u00f6nen Blick auf den Kleinen Viadukt bietet. Nach weiteren 3,7 km und rund 150 m bietet &hellip; <\/p>\n<p class=\"link-more\"><a href=\"https:\/\/hoehenweg.sawah.mobi\/?page_id=2375\" class=\"more-link\"><span class=\"screen-reader-text\">\u201eRast und Einkehr\u201c<\/span> weiterlesen<\/a><\/p>\n","protected":false},"author":1,"featured_media":2457,"parent":0,"menu_order":0,"comment_status":"open","ping_status":"open","template":"","meta":{"ngg_post_thumbnail":0},"_links":{"self":[{"href":"https:\/\/hoehenweg.sawah.mobi\/index.php?rest_route=\/wp\/v2\/pages\/2375"}],"collection":[{"href":"https:\/\/hoehenweg.sawah.mobi\/index.php?rest_route=\/wp\/v2\/pages"}],"about":[{"href":"https:\/\/hoehenweg.sawah.mobi\/index.php?rest_route=\/wp\/v2\/types\/page"}],"author":[{"embeddable":true,"href":"https:\/\/hoehenweg.sawah.mobi\/index.php?rest_route=\/wp\/v2\/users\/1"}],"replies":[{"embeddable":true,"href":"https:\/\/hoehenweg.sawah.mobi\/index.php?rest_route=%2Fwp%2Fv2%2Fcomments&post=2375"}],"version-history":[{"count":7,"href":"https:\/\/hoehenweg.sawah.mobi\/index.php?rest_route=\/wp\/v2\/pages\/2375\/revisions"}],"predecessor-version":[{"id":2507,"href":"https:\/\/hoehenweg.sawah.mobi\/index.php?rest_route=\/wp\/v2\/pages\/2375\/revisions\/2507"}],"wp:featuredmedia":[{"embeddable":true,"href":"https:\/\/hoehenweg.sawah.mobi\/index.php?rest_route=\/wp\/v2\/media\/2457"}],"wp:attachment":[{"href":"https:\/\/hoehenweg.sawah.mobi\/index.php?rest_route=%2Fwp%2Fv2%2Fmedia&parent=2375"}],"curies":[{"name":"wp","href":"https:\/\/api.w.org\/{rel}","templated":true}]}}